{"id":27,"date":"2025-12-29T15:36:22","date_gmt":"2025-12-29T12:36:22","guid":{"rendered":"http:\/\/sorwebyazilim.com.tr\/index.php\/ethics-features\/"},"modified":"2025-12-31T01:11:44","modified_gmt":"2025-12-30T22:11:44","slug":"ethics-features","status":"publish","type":"page","link":"https:\/\/sorwebyazilim.com.tr\/index.php\/ethics-features\/","title":{"rendered":"\u015e\u0131rnak Su Ar\u0131tma Sistemler"},"content":{"rendered":"<p>Projeyi \u0130ncele<\/p>\n","protected":false},"excerpt":{"rendered":"<p>Projeyi \u0130ncele<\/p>\n","protected":false},"author":1,"featured_media":78,"parent":0,"menu_order":0,"comment_status":"closed","ping_status":"closed","template":"","meta":{"footnotes":""},"class_list":["post-27","page","type-page","status-publish","has-post-thumbnail","hentry"],"_links":{"self":[{"href":"https:\/\/sorwebyazilim.com.tr\/index.php\/wp-json\/wp\/v2\/pages\/27","targetHints":{"allow":["GET"]}}],"collection":[{"href":"https:\/\/sorwebyazilim.com.tr\/index.php\/wp-json\/wp\/v2\/pages"}],"about":[{"href":"https:\/\/sorwebyazilim.com.tr\/index.php\/wp-json\/wp\/v2\/types\/page"}],"author":[{"embeddable":true,"href":"https:\/\/sorwebyazilim.com.tr\/index.php\/wp-json\/wp\/v2\/users\/1"}],"replies":[{"embeddable":true,"href":"https:\/\/sorwebyazilim.com.tr\/index.php\/wp-json\/wp\/v2\/comments?post=27"}],"version-history":[{"count":1,"href":"https:\/\/sorwebyazilim.com.tr\/index.php\/wp-json\/wp\/v2\/pages\/27\/revisions"}],"predecessor-version":[{"id":90,"href":"https:\/\/sorwebyazilim.com.tr\/index.php\/wp-json\/wp\/v2\/pages\/27\/revisions\/90"}],"wp:featuredmedia":[{"embeddable":true,"href":"https:\/\/sorwebyazilim.com.tr\/index.php\/wp-json\/wp\/v2\/media\/78"}],"wp:attachment":[{"href":"https:\/\/sorwebyazilim.com.tr\/index.php\/wp-json\/wp\/v2\/media?parent=27"}],"curies":[{"name":"wp","href":"https:\/\/api.w.org\/{rel}","templated":true}]}}