{"id":23,"date":"2025-12-29T15:36:22","date_gmt":"2025-12-29T12:36:22","guid":{"rendered":"http:\/\/sorwebyazilim.com.tr\/index.php\/easy-customizable\/"},"modified":"2025-12-31T00:45:21","modified_gmt":"2025-12-30T21:45:21","slug":"easy-customizable","status":"publish","type":"page","link":"https:\/\/sorwebyazilim.com.tr\/index.php\/easy-customizable\/","title":{"rendered":"Yaz\u0131l\u0131m Geli\u015ftirme"},"content":{"rendered":"\n<p>Hem son kullan\u0131c\u0131lar hem de i\u015fletme ihtiya\u00e7lar\u0131 i\u00e7in yenilik\u00e7i web ve mobil uygulamalar geli\u015ftiriyoruz.<\/p>\n\n\n\n<p><\/p>\n","protected":false},"excerpt":{"rendered":"<p>Hem son kullan\u0131c\u0131lar hem de i\u015fletme ihtiya\u00e7lar\u0131 i\u00e7in yenilik\u00e7i web ve mobil uygulamalar geli\u015ftiriyoruz.<\/p>\n","protected":false},"author":1,"featured_media":78,"parent":0,"menu_order":0,"comment_status":"closed","ping_status":"closed","template":"","meta":{"footnotes":""},"class_list":["post-23","page","type-page","status-publish","has-post-thumbnail","hentry"],"_links":{"self":[{"href":"https:\/\/sorwebyazilim.com.tr\/index.php\/wp-json\/wp\/v2\/pages\/23","targetHints":{"allow":["GET"]}}],"collection":[{"href":"https:\/\/sorwebyazilim.com.tr\/index.php\/wp-json\/wp\/v2\/pages"}],"about":[{"href":"https:\/\/sorwebyazilim.com.tr\/index.php\/wp-json\/wp\/v2\/types\/page"}],"author":[{"embeddable":true,"href":"https:\/\/sorwebyazilim.com.tr\/index.php\/wp-json\/wp\/v2\/users\/1"}],"replies":[{"embeddable":true,"href":"https:\/\/sorwebyazilim.com.tr\/index.php\/wp-json\/wp\/v2\/comments?post=23"}],"version-history":[{"count":2,"href":"https:\/\/sorwebyazilim.com.tr\/index.php\/wp-json\/wp\/v2\/pages\/23\/revisions"}],"predecessor-version":[{"id":80,"href":"https:\/\/sorwebyazilim.com.tr\/index.php\/wp-json\/wp\/v2\/pages\/23\/revisions\/80"}],"wp:featuredmedia":[{"embeddable":true,"href":"https:\/\/sorwebyazilim.com.tr\/index.php\/wp-json\/wp\/v2\/media\/78"}],"wp:attachment":[{"href":"https:\/\/sorwebyazilim.com.tr\/index.php\/wp-json\/wp\/v2\/media?parent=23"}],"curies":[{"name":"wp","href":"https:\/\/api.w.org\/{rel}","templated":true}]}}